{"id":30,"date":"2017-06-04T22:15:23","date_gmt":"2017-06-04T22:15:23","guid":{"rendered":"http:\/\/wordpress.bagua-zhang.eu\/?page_id=30"},"modified":"2019-06-06T13:26:35","modified_gmt":"2019-06-06T13:26:35","slug":"geschichte","status":"publish","type":"page","link":"https:\/\/bagua-zhang.eu\/?page_id=30","title":{"rendered":"Geschichte"},"content":{"rendered":"<p><a href=\"http:\/\/wordpress.bagua-zhang.eu\/wp-content\/uploads\/2017\/09\/img_0045.jpg\"><img loading=\"lazy\" decoding=\"async\" class=\"aligncenter size-full wp-image-67\" src=\"http:\/\/wordpress.bagua-zhang.eu\/wp-content\/uploads\/2017\/09\/img_0045.jpg\" alt=\"\" width=\"4101\" height=\"1473\" srcset=\"https:\/\/bagua-zhang.eu\/wp-content\/uploads\/2017\/09\/img_0045.jpg 4101w, https:\/\/bagua-zhang.eu\/wp-content\/uploads\/2017\/09\/img_0045-300x108.jpg 300w, https:\/\/bagua-zhang.eu\/wp-content\/uploads\/2017\/09\/img_0045-768x276.jpg 768w, https:\/\/bagua-zhang.eu\/wp-content\/uploads\/2017\/09\/img_0045-1024x368.jpg 1024w\" sizes=\"auto, (max-width: 4101px) 100vw, 4101px\" \/><\/a><\/p>\n<p>\u00dcber die Urspr\u00fcnge des Bagua Zhang gibt es viele Theorien, wobei sich eine in der Wissenschaft mittlerweile durchgesetzt hat. Nach Ihr wurde Bagua Zhang durch Dong Hai Chuang im 19. Jahrhundert als Synthese mehrerer chinesischer Kampfk\u00fcnste gegr\u00fcndet.<\/p>\n<p>Dong wurde 1813 in der Hebei Provinz geboren und lernte seit seiner Jugend verschiedene lokale Kampfk\u00fcnste, die ihm den Ruf eines qualifizierten K\u00e4mpfers einbrachten.<\/p>\n<p>Im Alter von ca. 40 Jahren verlie\u00df er seine Heimat in Richtung S\u00fcden und wurde in der folgenden Zeit Mitglied der taoistischen Chua Zhen Sekte, die eine Meditationsmethode des \u201eKreisgehens\u201c praktizierte um den Verstand zu beruhigen und den Geist zu st\u00e4rken. Dong kombinierte diese Methode der Meditation mit den Trainingsmethoden, die er in seiner Jugend gelernt hatte und schuf so seinen eigenen Stil. Zun\u00e4chst nannte er diese Methode \u201eZhuan Zhang\u201c (Drehende H\u00e4nde) und \u00e4nderte erst sp\u00e4ter den Namen in Bagua Zhang (Hand der Acht Trigramme).<\/p>\n<p>Als Dong Hai Chuan anfing in Beijing seine Methode des Kampfes zu unterrichten nahm er nur Sch\u00fcler mit Vorerfahrungen in anderen Kampfk\u00fcnsten an. Das Training bestand aus nur wenigen Handwechseln, die w\u00e4hrend des Gehens im Kreis ausgef\u00fchrt wurden und aus seinen Theorien und Anwendungen des praktischen Kampfes.<\/p>\n<p>Zur damaligen Zeit war es in China normal, Methoden und Ideen anderer K\u00e4mpfer zu studieren und zu \u00fcben, um sie mit dem eigenen Wissen zu verbinden. Dies wurde sogar als essentiell betrachtet, damit Kampfkunst verstanden werden konnte.<\/p>\n<p>So ist es auch nicht verwunderlich, dass es viele verschiedene Methoden des Bagua Zhang gibt, da jeder Sch\u00fcler von Dong sein individuelles Bagua kreierte. Drei dieser Sch\u00fcler der ersten Stunde waren ma\u00dfgeblich f\u00fcr die Verbreitung des Bagua Zhang verantwortlich.<\/p>\n<p>Yin Fu war bereits ein Meister des Luo Han Quan bevor er sein Studium bei Dong Hai Chuan begann. Er studierte l\u00e4nger mit ihm als alle anderen Sch\u00fcler und hatte landesweit den Ruf eines respektierten K\u00e4mpfers, nicht zuletzt da er der Leibw\u00e4chter der Kaiserinmutter war. Ein weitere Sch\u00fcler von Dong war Cheng Ting Hua, ein Meister des chinesischen Ringens (Shuai Jiao), der selber wiederum viele Sch\u00fcler unterrichtete, u.a. auch Zhang Zhao Dong. Zuletzt muss als dritter bekannter Sch\u00fcler Dongs Liang Zhen Pu genannt werden, der auch sein j\u00fcngster Sch\u00fcler war und von den \u00e4lteren Sch\u00fclern stark beeinflusst wurde.<\/p>\n<p><a href=\"http:\/\/wordpress.bagua-zhang.eu\/wp-content\/uploads\/2017\/09\/Zhang-zhao-dong-e1505230710211.jpg\"><img loading=\"lazy\" decoding=\"async\" class=\"alignleft size-medium wp-image-203\" src=\"http:\/\/wordpress.bagua-zhang.eu\/wp-content\/uploads\/2017\/09\/Zhang-zhao-dong-e1505230710211-182x300.jpg\" alt=\"\" width=\"182\" height=\"300\" srcset=\"https:\/\/bagua-zhang.eu\/wp-content\/uploads\/2017\/09\/Zhang-zhao-dong-e1505230710211-182x300.jpg 182w, https:\/\/bagua-zhang.eu\/wp-content\/uploads\/2017\/09\/Zhang-zhao-dong-e1505230710211.jpg 229w\" sizes=\"auto, (max-width: 182px) 100vw, 182px\" \/><\/a>Auch wenn Dong Hai Chuan seine Kampfkunst erst Mitte \/ Ende des 19. Jahrhunderts gr\u00fcndete, so verbreitete sie sich schon zu seinen Lebzeiten rasch in ganz China.<\/p>\n<p>Bagua Zhang hat seine Wurzeln in den nordchinesischen Methoden des Kampfes. Es beinhaltet, wie auch die anderen chinesischen Systeme, die Strategie des Wechselns und betont vor allem die runden Bewegungen und die ausweichenden Fu\u00dfbewegungen. Dazu werden vor allem K\u00f6rperdrehungen und \u2013verdrehungen genutzt. Die Kombination aus Fu\u00dfarbeit, logischer K\u00f6rpermechanik und Bildern\/Ideen\/Visualisierungen erm\u00f6glicht es rasch zwischen verschiedenen Bewegungen, Richtungen und K\u00f6rperausrichtungen zu wechseln.<\/p>\n<p>In M\u00fcnster \u00fcben wir das Bagua Zhang nach Zhang Zhao Dong, wie es uns von unserem Lehrer <a href=\"http:\/\/internalfightingarts.eu\/\">Paul Rogers<\/a>\u00a0vermittelt wird.<\/p>\n<p>\u00a0<\/p>\n\n\n<div class=\"wp-block-image\"><figure class=\"aligncenter\"><img loading=\"lazy\" decoding=\"async\" width=\"2049\" height=\"1650\" src=\"https:\/\/bagua-zhang.eu\/wp-content\/uploads\/2019\/06\/5EC5E433-7B3C-4568-A5F9-5704956F3DB5.jpeg\" alt=\"\" class=\"wp-image-545\" srcset=\"https:\/\/bagua-zhang.eu\/wp-content\/uploads\/2019\/06\/5EC5E433-7B3C-4568-A5F9-5704956F3DB5.jpeg 2049w, https:\/\/bagua-zhang.eu\/wp-content\/uploads\/2019\/06\/5EC5E433-7B3C-4568-A5F9-5704956F3DB5-300x242.jpeg 300w, https:\/\/bagua-zhang.eu\/wp-content\/uploads\/2019\/06\/5EC5E433-7B3C-4568-A5F9-5704956F3DB5-768x618.jpeg 768w, https:\/\/bagua-zhang.eu\/wp-content\/uploads\/2019\/06\/5EC5E433-7B3C-4568-A5F9-5704956F3DB5-1024x825.jpeg 1024w\" sizes=\"auto, (max-width: 2049px) 100vw, 2049px\" \/><\/figure><\/div>\n","protected":false},"excerpt":{"rendered":"<p>\u00dcber die Urspr\u00fcnge des Bagua Zhang gibt es viele Theorien, wobei sich eine in der Wissenschaft mittlerweile durchgesetzt hat. Nach Ihr wurde Bagua Zhang durch Dong Hai Chuang im 19. Jahrhundert als Synthese mehrerer chinesischer Kampfk\u00fcnste gegr\u00fcndet. Dong wurde 1813&hellip; <\/p>\n","protected":false},"author":1,"featured_media":67,"parent":0,"menu_order":0,"comment_status":"closed","ping_status":"closed","template":"","meta":{"_crdt_document":"","footnotes":""},"class_list":["post-30","page","type-page","status-publish","has-post-thumbnail","hentry"],"_links":{"self":[{"href":"https:\/\/bagua-zhang.eu\/index.php?rest_route=\/wp\/v2\/pages\/30","targetHints":{"allow":["GET"]}}],"collection":[{"href":"https:\/\/bagua-zhang.eu\/index.php?rest_route=\/wp\/v2\/pages"}],"about":[{"href":"https:\/\/bagua-zhang.eu\/index.php?rest_route=\/wp\/v2\/types\/page"}],"author":[{"embeddable":true,"href":"https:\/\/bagua-zhang.eu\/index.php?rest_route=\/wp\/v2\/users\/1"}],"replies":[{"embeddable":true,"href":"https:\/\/bagua-zhang.eu\/index.php?rest_route=%2Fwp%2Fv2%2Fcomments&post=30"}],"version-history":[{"count":12,"href":"https:\/\/bagua-zhang.eu\/index.php?rest_route=\/wp\/v2\/pages\/30\/revisions"}],"predecessor-version":[{"id":547,"href":"https:\/\/bagua-zhang.eu\/index.php?rest_route=\/wp\/v2\/pages\/30\/revisions\/547"}],"wp:featuredmedia":[{"embeddable":true,"href":"https:\/\/bagua-zhang.eu\/index.php?rest_route=\/wp\/v2\/media\/67"}],"wp:attachment":[{"href":"https:\/\/bagua-zhang.eu\/index.php?rest_route=%2Fwp%2Fv2%2Fmedia&parent=30"}],"curies":[{"name":"wp","href":"https:\/\/api.w.org\/{rel}","templated":true}]}}