{"id":7,"date":"2017-06-04T20:44:38","date_gmt":"2017-06-04T20:44:38","guid":{"rendered":"http:\/\/wordpress.bagua-zhang.eu\/?page_id=7"},"modified":"2026-04-12T09:27:40","modified_gmt":"2026-04-12T09:27:40","slug":"willkommen","status":"publish","type":"page","link":"https:\/\/bagua-zhang.eu\/","title":{"rendered":"Willkommen"},"content":{"rendered":"<div class=\"wp-block-image\">\n<figure class=\"alignright size-medium\"><img loading=\"lazy\" decoding=\"async\" width=\"300\" height=\"300\" src=\"https:\/\/bagua-zhang.eu\/wp-content\/uploads\/2018\/10\/DE4F8669-C797-4049-9217-0ABD6611F6AB-300x300.jpeg\" alt=\"\" class=\"wp-image-448\" srcset=\"https:\/\/bagua-zhang.eu\/wp-content\/uploads\/2018\/10\/DE4F8669-C797-4049-9217-0ABD6611F6AB-300x300.jpeg 300w, https:\/\/bagua-zhang.eu\/wp-content\/uploads\/2018\/10\/DE4F8669-C797-4049-9217-0ABD6611F6AB-150x150.jpeg 150w, https:\/\/bagua-zhang.eu\/wp-content\/uploads\/2018\/10\/DE4F8669-C797-4049-9217-0ABD6611F6AB-768x768.jpeg 768w, https:\/\/bagua-zhang.eu\/wp-content\/uploads\/2018\/10\/DE4F8669-C797-4049-9217-0ABD6611F6AB-1024x1024.jpeg 1024w, https:\/\/bagua-zhang.eu\/wp-content\/uploads\/2018\/10\/DE4F8669-C797-4049-9217-0ABD6611F6AB-230x230.jpeg 230w, https:\/\/bagua-zhang.eu\/wp-content\/uploads\/2018\/10\/DE4F8669-C797-4049-9217-0ABD6611F6AB-80x80.jpeg 80w, https:\/\/bagua-zhang.eu\/wp-content\/uploads\/2018\/10\/DE4F8669-C797-4049-9217-0ABD6611F6AB.jpeg 1599w\" sizes=\"auto, (max-width: 300px) 100vw, 300px\" \/><\/figure>\n<\/div>\n\n\n<p class=\"wp-block-paragraph\">Das Wissen der\u00a0<strong>traditionellen chinesischen Kampfk\u00fcnste<\/strong>\u00a0basiert auf einem tiefen Verst\u00e4ndnis k\u00f6rperlicher und psychischer Vorg\u00e4nge. Wenn man sie heutzutage lernen will, hilft es die alte Sprache, in der sie \u00fcberliefert wurden, in moderne Begriffe zu \u00fcbersetzen.<br>Dies ist uns im\u00a0<strong>Shudokan<\/strong>\u00a0in M\u00fcnster ein tiefes Anliegen. Hier sollen die alten Kampfk\u00fcnste, unter modernen Gesichtspunkten, studiert werden k\u00f6nnen.<\/p>\n\n\n\n<blockquote class=\"wp-block-quote is-layout-flow wp-block-quote-is-layout-flow\">\n<p class=\"wp-block-paragraph\">Shudokan meint w\u00f6rtlich: \u201e<em>Ort zum Studieren des Weges<\/em>\u201c, frei \u00fcbersetzt \u201e<em><strong>Universit\u00e4t<\/strong><\/em>\u201c.<\/p>\n<\/blockquote>\n\n\n\n<p class=\"wp-block-paragraph\">Wir wollen dazu beitragen das traditionelle Wissen in die moderne Zeit zu bringen\u2026<\/p>\n\n\n\n<figure class=\"wp-block-embed is-type-video is-provider-youtube wp-block-embed-youtube wp-embed-aspect-16-9 wp-has-aspect-ratio\"><div class=\"wp-block-embed__wrapper\">\n<iframe loading=\"lazy\" hcb-fetch-image-from=\"https:\/\/youtu.be\/H4rpRhMGdrQ\" title=\"Bagua Zhang Applications\" width=\"700\" height=\"394\" src=\"https:\/\/www.youtube.com\/embed\/H4rpRhMGdrQ?feature=oembed\" frameborder=\"0\" allow=\"accelerometer; autoplay; clipboard-write; encrypted-media; gyroscope; picture-in-picture; web-share\" referrerpolicy=\"strict-origin-when-cross-origin\" allowfullscreen><\/iframe>\n<\/div><\/figure>\n","protected":false},"excerpt":{"rendered":"<p>Das Wissen der\u00a0traditionellen chinesischen Kampfk\u00fcnste\u00a0basiert auf einem tiefen Verst\u00e4ndnis k\u00f6rperlicher und psychischer Vorg\u00e4nge. Wenn man sie heutzutage lernen will, hilft es die alte Sprache, in der sie \u00fcberliefert wurden, in moderne Begriffe zu \u00fcbersetzen.Dies ist uns im\u00a0Shudokan\u00a0in M\u00fcnster ein tiefes&hellip; <\/p>\n","protected":false},"author":1,"featured_media":0,"parent":0,"menu_order":0,"comment_status":"closed","ping_status":"closed","template":"","meta":{"_crdt_document":"{\"document\":\"AACfAruN490c6eKF4BIA+43j3RwFqeKF4BK1vb22AbuN490ctb29tgG7jePdHLW9vbYBu43j3Rz1vb22AQu7jePdHLW9vbYBu43j3Ry1vb22AbuN490ctb29tgG7jePdHLW9vbYBu43j3Ry1vb22AbuN490cqeKF4BL7jePdHB+p4oXgEvuN490cHKniheAS+43j3RwXtb29tgH7jePdHCHp4oXgEg77jePdHAHp4oXgEgD7jePdHArp4oXgEjiQy\/jeAfuN490cAtDL+N4BAbW9vbYBqeKF4BL1vb22ARTp4oXgEgC1vb22AaniheAStb29tgGp4oXgErW9vbYBqeKF4BK1vb22AaniheAStb29tgGp4oXgErW9vbYB6eKF4BIfhwKSJ9AnAQEIAEioJMgWAgj8DQMDqhwDAAQC7B2wHQEBCABIAgQCAAZcAp4GDOgGBJoMAwHaDJ4MAQEIAEhKkAMM2gMDAbwGAwHAB4QHAQEIAEgIAQJSAwLkEwK4EwLmMQQCAQS4HQJIih3IHZQMBAIABq4eAQEIAkJI9hcEArQb9BvSMaYBMJwBCKwDFoABGJwUmiv4F+QN1hWiFQyGCQyQLPoJyCcC6igWEIIBAi4CmgECBgIiAoYDAhQCPgIWAqgCAq4XBBgEAwAKAwkMAwE4AgQDABQSFgQCohMDAAT6OgQCmifgJwEBCABIAgQCAQEIAkoBBKAk+iMDA7IjBAMEDAMBOAYEFFCiJ\/ImAQEDBAEDpib8CQIBAAIEAQK0CaYCAQADAeAMAQK0CaoJAwHkEwL0HDYwnAEIrAMWgAEYmhrWFaIVDIYJDPgIAQQCBAMEDAMBOAYEFJkCKADHACEAKAAhACcAIQEnAAAAwQDEAMEAxAvHACEAKAAhACcAIQEnAKEBIQEBAAAAxAnHACEAKAAhACcAIQEnAAAAxArHACEAKAAhACcAIQEnACEEwQahAagBKAAnACgEqAGnAAQAqAIoACcABwAoAicBBAAoACcAqAEnAAQAKAAhAMQHIQLBBaEAqAIhACgCJwAEACcABACBAIQAgQCEAIEAhACBAIQAgQCEAIEAhACBAIQAgQCEAIEAhACBAIQAgQCEAIEAhACBAIQAgQCEAIEAhACBAIQLgQCEAIEAhAGBAIQAJwAoBCcAKAAnAAEAAACBAAAAIQKoAKcAqAQhAIcAIQAoACEAJwAhAScAoQEnACECqAEoBsSfGtkYc3RhdGV2ZXJzaW9uY2xpZW50SWRpc1ZhbGlkbmFtZWF0dHJpYnV0ZXNjb250ZW50ZHJvcENhcGlubmVyQmxvY2tzPkRhcyBXaXNzbiBkZXLCoDxzdHJvbmc+dHJhZGl0aW9uZWxsZW4gY2hpbmVzaXNjaGVuIEthcGZrw7xuc3RlPC9zdHJvbmc+wqBhc2lydCBhdWYgZWluZW0gdGllZmVuIFZlcnN0w6Rubmlza8O2cnBlcmxpY2hlciB1bmQgcHN5Y2hpc2NoZXIgVm9yZ8OkbmdlLiBXZW5uIG1hbiBzaWUgaGV1dHp1dGFnZSBsZXJuZW4gd2lsbCwgaGlsZnQgZXMgZGllIGFsdGUgU3ByYWNoZSwgaW4gZGVyIHNpZSDDvGJlcmxpZWZlcnQgd3VyZGVuLCBpbiBtb2Rlcm5lIEJlZ3JpZmZlIHp1IMO8YmVyc2V0emVuLjxicj5EaWVzIGlzdCB1bnMgaW3CoDxzdHJvbmc+U2h1ZG9rYW48L3N0cm9uZz7CoGluIE3DvG5zdGVyIGVpbiB0aWVmZXMgQW5saWVnZW4uIEhpZXIgc29sbGVuIGRpZSBhbHRlbiBLYW1wZmvDvG5zdGUsIHVudGVyIG1vZGVybmVuIEdlc2ljaHRzcHVua3Rlbiwgc3R1ZGllcnQgd2VyZGVuIGvDtm5uZW4uPC9wPgo8IS0tIC93cDpwYXJhZ3JhcGggLS0+Cgo8IS0tIHdwOmVtYmVkIGNsaWVudElkaXNWYWxpZG5hbWVhdHRyaWJ1dGVzY29udGVudGRyb3BDYXBpbm5lckJsb2Nrc3ZhbHVlY2l0YXRpb25xdW90IC0tPgo8YmxvY2txdW90ZSBjbGFzcz0id3AtYmxvY2stcXVvdGUiPjwhLS0gd3A6cGFyYWdyYXBoIC0tPgo8cD5TaHVkb2thbiBlaW50IHfDtnJ0bGljaDog4oCePGVtPk9ydCB6dW0gU3R1ZGllcmVuIGRlcyBXZWdlczwvZW0+4oCcLCBmcmVpIMO8cnNldHp0IOKAnjxlbT48c3Ryb25nPlVuaXZlcnNpdMOkdDwvc3Ryb25nPjwvZW0+4oCcLjwvcD4KPCEtLSAvd3A6cGFyYWdyYXBoIC0tPjwvYmxvY2txdW90ZT4KPCEtLSAvd3A6cXVvdGUgLS0+Cgo8IS0tIHdwOmVtYmVjbGllbnRJZGlzVmFsaWRuYW1lYXR0cmlidXRlc2NvbnRlbnRkcm9wQ2FwaW5uZXJCbG9ja3NwYXJhZ3JhcGggLS0+CjxwPldpciB3b2xsbiBkYXp1IGJlaXRyYWdlbiBkYXMgdHJhZGl0aW9uZWxsZSBXaXNzZW4gaW4gZGllIG9kZXJuZSBaZWl0IHp1IHJpbmdu4oCmPC9wPgo8IS0tIC93cDpwYXJhZ3JhcGggLS0+Cgo8IS0tIHdwOmVtYmVjbGllbnRJZGlzVmFsaWRuYW1lYXR0cmlidXRlc2FsdGNhcHRpb25pbm5lckJsb2Nrc2lkbGlua3VybHNpemVTbHVnbGlua0Rlc3RpbmF0aW9uYWx0Y2FwdGlvbmlkbGlua3VybHNpemVTbHVnbGlua0Rlc3RpbmF0aW9uRGFzIFdpc3NlbiBkZXLCoDxzdHJvbmc+dHJhZGl0aW9uZWxsZW4gY2hpbmVzaXNjaGVuIEthbXBma8O8bnN0ZTwvc3Ryb25nPsKgYmFzaWVydCBhdWYgZWluZW0gdGllZmVuIFZlcnN0w6RuZG5pcyBrw7ZycGVybGljaGVyIHVuZCBwc3ljaGlzY2hlciBWb3Jnw6RuZ2UuIFdlbm4gbWFuIHNpZSBoZXV0enV0YWdlIGxlcm5lbiB3aWxsLCBoaWxmdCBlcyBkaWUgYWx0ZSBTcHJhY2hlLCBpbiBkZXIgc2llIMO8YmVybGllZmVydCB3dXJkZW4sIGluIG1vZGVybmUgQmVncmlmZmUgenUgw7xiZXJzZXR6ZW4uPGJyPkRpZXMgaXN0IHVucyBpbcKgPHN0cm9uZz5TaHVkb2thbjwvc3Ryb25nPsKgaW4gTcO8bnN0ZXIgZWluIHRpZWZlcyBBbmxpZWdlbi4gSGllciBzb2xsZW4gZGllIGFsdGVuIEthbXBma8O8bnN0ZSwgdW50ZXIgbW9kZXJuZW4gR2VzaWNodHNwdW5rdGVuLCBzdHVkaWVydCB3ZXJkZW4ga8O2bm5lbi52YWx1ZWNpdGF0aW9uY2xpZW50SWRpc1ZhbGlkbmFtZWF0dHJpYnV0ZXNjb250ZW50U2h1ZG9rYW4gbWVpbnQgd8O2cnRsaWNoOiDigJ48ZW0+T3J0IHp1bSBTdHVkaWVyZW4gZGVzIFdlZ2VzPC9lbT7igJwsIGZyZWkgw7xiZXJzZXR6dCDigJ48ZW0+PHN0cm9uZz5Vbml2ZXJzaXTDpHQ8L3N0cm9uZz48L2VtPuKAnC5kcm9wQ2FwaW5uZXJCbG9ja3Njb250ZW50V2lyIHdvbGxlbiBkYXp1IGJlaXRyYWdlbiBkYXMgdHJhZGl0aW9uZWxsZSBXaXNzZW4gaW4gZGllIG1vZGVybmUgWmVpdCB6dSBicmluZ2Vu4oCmZHJvcENhcGFsaWduaW1hZ2UgeyJpZCI6NDQ4LCJzaXplU2x1ZyI6Im1lZGl1bSIsImxpbmtEZXN0aW5hdGlvbiI6Im5vbmUiLCJhbGlnbiI6InJpZ2h0In0gLS0+CjxmaWd1cmUgY2xhc3M9InctYmxvY2staW1nZSBhbGlnbmlnaHQgc2l6ZS1tZWRpdW0iPjxpbWcgc3JjPSJodHRwczovL2J1YS16aGFuZy5ldS93cC1jb250ZW50L3VwbG9hZHMvMjAxOC8xMC9ERTRGODY2OS1DNzk3LTQwNDktOTIxNy0wQUJENjYxMUY2QUItMzAweDMwMC5qcGVnIiBhbHQ9IiIgY2xhc3M9IndwLWltYWdlLTQ0OCIvPjwvZmlndWU+CjwhLS0gL3dwOmltZ2UgLS0+Cgo8IS0tIHc6cGFyYWdyYXBmb250U2l6ZWZvbnRTaXplZm9udFNpemVzdGF0ZXZlcnNpb25kb2N1bWVudGRhdGVkb2N1bWVudHNsdWdkb2N1bWVudHN0YXR1c2RvY3VtZW50dGl0bGVXaWxsa29tbWVuZG9jdW1lbnRjb250ZW50PCEtLSB3cDpwYXJhZ3JhcGggLS0+CjxwcHJhZ3JhcGggLS0+CjxwPiBodHRwczovL3lvdXR1LmJlL0g0cnBSaE1HZHJRPC8+CjwhLS0gL3dwOiAtLT5kb2N1bWVudGV4Y2VycHRkb2N1bWVudGF1dGhvcmRvY3VtZW50ZmVhdHVyZWRfbWVkaWFkb2N1bWVudGNvbW1lbnRfc3RhdHVzZG9jdW1lbnRwaW5nX3N0YXR1c2RvY3VtZW50dGVtcGxhdGVkb2N1bWVudG1ldGFmb290bm90ZXNkb2N1bWVudGJsb2Nrc3N0YXRlc2F2ZWRBdHN0YXRlc2F2ZWRCeXN0YXRldmVyc2lvbnN0YXRldmVyc2lvbmNsaWVudElkaXNWYWxpZG5hbWVhdHRyaWJ1dGVzY29udGVudGRyb3BDYXBpbm5lckJsb2Nrc2NhcHRpb25jb250cm9sc3ByZWxvYWR0cmFja3N1cmxwcm92aWRlck5hbWVTbHVnYWxsb3dSZXNwb25zaXZlcmVzcG9uc2l2ZXByZXZpZXdhYmxldHlwZWNsYXNzTmFtZWVtYmVkIHsidXJsIjoiaHR0czovL3lvdXR1LmJlL0g0cFJoTUdkclEiLCJ0eXBlIjoidmlkZW8iLCJwcm92aWRlck5tZVNsdSI6InlvdXR1YmUiLCJlc3BvbnNpdmUiOnRydWUsImNsc3NOYW1lIjoidy1lbWJlZC1hc3BlY3QtMTYtOSB3cC1hcy1hc3BlY3QtcmF0aW8ifWZpZ3VyZSBjbGFzcz0idy1ibG9jay1lbWJlZCBpcy10eXBlLXZpZGVvIGlzLXByb3ZpZGVyLXlvdXR1YmUgd3AtYmxvY2stZW1iZWQteW91dHViZSB3cC1lbWJlZC1hc3BlY3QtMTYtOSB3cC1oYXMtYXNwZWN0LXJhdGlvIjxkaXZjbGFzcz0id3AtYmxvY2stZW1iZWRfX3dyYXBwZXIiPgoKZGl2PC9maWd1cmU+ZW1iZWQFBwgHBApHAAsBCCwSAxsDtQVBAAJBAAgHBApHAAsFCAQ6Bgo9tAFBAggHBApHAAsKBgkxDwQnQQIIBwQKAwcLAgQDCA8DBwIEAwgPvQYFSAAHBAoHuAEHCweSAQcFogEJCCW9AU4ACUgBBQcIBAgECAYIBQoIBwhBCEIAQQgGQQEcAgEKBAgHCAYIDggOCAtIAQQJCAYFBwUHBQcFBwgHBApHAAsHCAcGAxAPCgsECUEECw8jBQ0TChYRD68BBCEBAwkFFwEAAD0BBAAAAQAAAAEGAAABAAAAAQMAG0EAAEEAAEEAAEEAAEIBQQACAEICAQACQQAAAkJBBL0GDARBCL8BQQOSAUEIBJUBIgsSPokBQRYDQQAWHRYdFh0CQQUhFy0DEaMBCh8LlAG3CwwBBUECCUEFBwEmQRsEkQEAfQF4eHh4dyQxOWY1MzExOS0xZmM2LTQyNTMtOGQ4NC1kMThhODIzYTA4NjB3CmNvcmUvaW1hZ2V3AH2AB3cpaHR0cHM6Ly9iYWd1YS16aGFuZy5ldS8\/YXR0YWNobWVudF9pZD00NDh3Y2h0dHBzOi8vYmFndWEtemhhbmcuZXUvd3AtY29udGVudC91cGxvYWRzLzIwMTgvMTAvREU0Rjg2NjktQzc5Ny00MDQ5LTkyMTctMEFCRDY2MTFGNkFCLTMwMHgzMDAuanBlZ3cGbWVkaXVtdwRub25ldyQyZjU1ZDRhOC02NDYxLTQ1OTAtODgzZi1hYjBiYjAzNzRmNGV3DmNvcmUvcGFyYWdyYXBoeXckM2Q0YmQzZGEtMmZiMC00MDg3LTljZDAtYzQ2OTEzYmU0MjA2dwpjb3JlL3F1b3RldwB3JGEyMGI1Yjc0LTFlN2QtNDhmOS1iZmFmLTNjMDU5NmRkMjYzMnh3DmNvcmUvcGFyYWdyYXBoeXckYjc5OTcyZjAtYzQxZS00Y2Q1LTlmNzAtYzkwZGI1OWI1Y2Zkdw5jb3JlL3BhcmFncmFwaHl3BXJpZ2h0e0J52A\/\/4xAAe0Hsu4xvYAAASQB3EzIwMTctMDYtMDRUMjA6NDQ6Mzh3CndpbGxrb21tZW53B3B1Ymxpc2h9AX0AdwZjbG9zZWR3BmNsb3NlZHcAdwAIAH9\/f3cAfYAHd2NodHRwczovL2JhZ3VhLXpoYW5nLmV1L3dwLWNvbnRlbnQvdXBsb2Fkcy8yMDE4LzEwL0RFNEY4NjY5LUM3OTctNDA0OS05MjE3LTBBQkQ2NjExRjZBQi0zMDB4MzAwLmpwZWcvAHh3JDUxM2YyNGZhLTk2YjItNGM3NC04MzhlLTcxMWFjMWU5YWQyNncKY29yZS9lbWJlZHccaHR0cHM6Ly95b3V0dS5iZS9INHJwUmhNR2RyUXcHeW91dHViZXh4eHcFdmlkZW93KHdwLWVtYmVkLWFzcGVjdC0xNi05IHdwLWhhcy1hc3BlY3QtcmF0aW8E+8bxrg4VAgABAAEBAcgDAQPjAwABAAEBAYMBhAIAAQABAQFRiQEAAQABAQGlAgICAQCdBQC6Ap8BqfGCsAkVAAAXIAEWASwBAgEQAWIBCQEeAQoBUwH2BQILAgABBAEAAQAsAAIACwgNMNClvG8CAAEBAfXenlsGAAABAAEAAQEBAQEC\",\"updateId\":970742217}","footnotes":""},"class_list":["post-7","page","type-page","status-publish","hentry"],"_links":{"self":[{"href":"https:\/\/bagua-zhang.eu\/index.php?rest_route=\/wp\/v2\/pages\/7","targetHints":{"allow":["GET"]}}],"collection":[{"href":"https:\/\/bagua-zhang.eu\/index.php?rest_route=\/wp\/v2\/pages"}],"about":[{"href":"https:\/\/bagua-zhang.eu\/index.php?rest_route=\/wp\/v2\/types\/page"}],"author":[{"embeddable":true,"href":"https:\/\/bagua-zhang.eu\/index.php?rest_route=\/wp\/v2\/users\/1"}],"replies":[{"embeddable":true,"href":"https:\/\/bagua-zhang.eu\/index.php?rest_route=%2Fwp%2Fv2%2Fcomments&post=7"}],"version-history":[{"count":24,"href":"https:\/\/bagua-zhang.eu\/index.php?rest_route=\/wp\/v2\/pages\/7\/revisions"}],"predecessor-version":[{"id":1557,"href":"https:\/\/bagua-zhang.eu\/index.php?rest_route=\/wp\/v2\/pages\/7\/revisions\/1557"}],"wp:attachment":[{"href":"https:\/\/bagua-zhang.eu\/index.php?rest_route=%2Fwp%2Fv2%2Fmedia&parent=7"}],"curies":[{"name":"wp","href":"https:\/\/api.w.org\/{rel}","templated":true}]}}